{"id":5,"date":"2020-10-14T14:42:28","date_gmt":"2020-10-14T14:42:28","guid":{"rendered":"https:\/\/alliancevaw.ca\/?page_id=5"},"modified":"2024-12-04T15:29:53","modified_gmt":"2024-12-04T20:29:53","slug":"home","status":"publish","type":"page","link":"https:\/\/alliancevaw.ca\/fr\/","title":{"rendered":"Home"},"content":{"rendered":"<div class=\"wp-block-cover alignfull mb-0 mt-0\" style=\"min-height:534px;aspect-ratio:unset;\"><img data-recalc-dims=\"1\" loading=\"lazy\" decoding=\"async\" width=\"750\" height=\"450\" class=\"wp-block-cover__image-background wp-image-465\" alt=\"\" src=\"https:\/\/i0.wp.com\/alliancevaw.ca\/wp-content\/uploads\/2021\/02\/website-banner-feb2020-01-1.jpg?resize=750%2C450&#038;ssl=1\" data-object-fit=\"cover\" srcset=\"https:\/\/i0.wp.com\/alliancevaw.ca\/wp-content\/uploads\/2021\/02\/website-banner-feb2020-01-1.jpg?w=2000&amp;ssl=1 2000w, https:\/\/i0.wp.com\/alliancevaw.ca\/wp-content\/uploads\/2021\/02\/website-banner-feb2020-01-1.jpg?resize=300%2C180&amp;ssl=1 300w, https:\/\/i0.wp.com\/alliancevaw.ca\/wp-content\/uploads\/2021\/02\/website-banner-feb2020-01-1.jpg?resize=1024%2C614&amp;ssl=1 1024w, https:\/\/i0.wp.com\/alliancevaw.ca\/wp-content\/uploads\/2021\/02\/website-banner-feb2020-01-1.jpg?resize=768%2C461&amp;ssl=1 768w, https:\/\/i0.wp.com\/alliancevaw.ca\/wp-content\/uploads\/2021\/02\/website-banner-feb2020-01-1.jpg?resize=1536%2C922&amp;ssl=1 1536w, https:\/\/i0.wp.com\/alliancevaw.ca\/wp-content\/uploads\/2021\/02\/website-banner-feb2020-01-1.jpg?resize=16%2C10&amp;ssl=1 16w, https:\/\/i0.wp.com\/alliancevaw.ca\/wp-content\/uploads\/2021\/02\/website-banner-feb2020-01-1.jpg?resize=1200%2C720&amp;ssl=1 1200w, https:\/\/i0.wp.com\/alliancevaw.ca\/wp-content\/uploads\/2021\/02\/website-banner-feb2020-01-1.jpg?resize=1568%2C941&amp;ssl=1 1568w\" sizes=\"auto, (max-width: 750px) 100vw, 750px\" \/><span aria-hidden=\"true\" class=\"wp-block-cover__background has-background-dim-10 has-background-dim\"><\/span><div class=\"wp-block-cover__inner-container is-layout-flow wp-block-cover-is-layout-flow\">\n<div class=\"wp-block-jetpack-layout-grid alignfull column1-desktop-grid__span-8 column1-desktop-grid__start-3 column1-desktop-grid__row-1 column1-tablet-grid__span-8 column1-tablet-grid__row-1 column1-mobile-grid__span-4 column1-mobile-grid__row-1\">\n<div class=\"wp-block-jetpack-layout-grid-column wp-block-jetpack-layout-grid__padding-none\"><\/div>\n<\/div>\n<\/div><\/div>\n\n\n\n<div class=\"wp-block-group alignfull has-background-color has-foreground-background-color has-text-color has-background\"><div class=\"wp-block-group__inner-container is-layout-flow wp-block-group-is-layout-flow\">\n<div class=\"wp-block-jetpack-layout-grid alignfull column1-desktop-grid__span-1 column1-desktop-grid__row-1 column2-desktop-grid__span-10 column2-desktop-grid__start-2 column2-desktop-grid__row-1 column3-desktop-grid__span-1 column3-desktop-grid__start-12 column3-desktop-grid__row-1 column1-tablet-grid__span-4 column1-tablet-grid__row-1 column2-tablet-grid__span-4 column2-tablet-grid__start-5 column2-tablet-grid__row-1 column3-tablet-grid__span-8 column3-tablet-grid__row-2 column1-mobile-grid__span-4 column1-mobile-grid__row-1 column2-mobile-grid__span-4 column2-mobile-grid__row-2 column3-mobile-grid__span-4 column3-mobile-grid__row-3 wp-block-jetpack-layout-gutter__huge\">\n<div class=\"wp-block-jetpack-layout-grid-column wp-block-jetpack-layout-grid__padding-none\">\n<h6 class=\"wp-block-heading has-arial-font-family has-custom-font\" style=\"font-size:16px;line-height:1.5;font-family:Arial\"><\/h6>\n<\/div>\n\n\n\n<div class=\"wp-block-jetpack-layout-grid-column wp-block-jetpack-layout-grid__padding-none\">\n<h6 class=\"wp-block-heading has-arial-font-family has-custom-font\" style=\"font-size:15px;line-height:1.5;font-family:Arial\"><\/h6>\n\n\n\n<p class=\"wp-block-paragraph\">After the Montreal Massacre on December 6, 1989, the Canadian government made a commitment to deal with public policy, education, legislation and applied research on violence against women and children. One of the initiatives was the development of 5 sister centres across Canada (New Brunswick, Quebec, Ontario, Manitoba and British Columbia) that would be centres of excellence on research and education on violence against women and more broadly gender-based violence. The Alliance represents the partnership among these centres and collaborative research &amp; education initiatives. For more information about each centre, link onto their logos below.<\/p>\n\n\n\n<p class=\"wp-block-paragraph\">Apr\u00e8s le massacre de Montr\u00e9al le 6 d\u00e9cembre 1989, le gouvernement canadien s&#8217;est engag\u00e9 \u00e0 s&#8217;occuper de la politique publique, de l&#8217;\u00e9ducation, de la l\u00e9gislation et de la recherche appliqu\u00e9e sur la violence \u00e0 l&#8217;\u00e9gard des femmes et des enfants. L&#8217;une des initiatives a \u00e9t\u00e9 le d\u00e9veloppement de 5 centres fr\u00e8res \u00e0 travers le Canada (Nouveau-Brunswick, Qu\u00e9bec, Ontario, Manitoba et Colombie-Britannique) qui seraient des centres d&#8217;excellence en mati\u00e8re de recherche et d&#8217;\u00e9ducation sur la violence \u00e0 l&#8217;\u00e9gard des femmes et plus largement sur la violence sexiste. L&#8217;Alliance repr\u00e9sente le partenariat entre ces centres et les initiatives de collaboration en mati\u00e8re de recherche et d&#8217;\u00e9ducation. Pour plus d&#8217;informations sur chaque centre, cliquez sur leur logo ci-dessous.<\/p>\n<\/div>\n\n\n\n<div class=\"wp-block-jetpack-layout-grid-column wp-block-jetpack-layout-grid__padding-none\">\n<h6 class=\"wp-block-heading has-arial-font-family has-custom-font\" style=\"font-size:16px;font-family:Arial\"><\/h6>\n<\/div>\n<\/div>\n<\/div><\/div>\n\n\n\n<div class=\"wp-block-group alignfull has-background-color has-foreground-background-color has-text-color has-background\"><div class=\"wp-block-group__inner-container is-layout-flow wp-block-group-is-layout-flow\">\n<div class=\"wp-block-jetpack-layout-grid alignfull column1-desktop-grid__span-4 column1-desktop-grid__row-1 column2-desktop-grid__span-4 column2-desktop-grid__start-5 column2-desktop-grid__row-1 column3-desktop-grid__span-4 column3-desktop-grid__start-9 column3-desktop-grid__row-1 column1-tablet-grid__span-4 column1-tablet-grid__row-1 column2-tablet-grid__span-4 column2-tablet-grid__start-5 column2-tablet-grid__row-1 column3-tablet-grid__span-8 column3-tablet-grid__row-2 column1-mobile-grid__span-4 column1-mobile-grid__row-1 column2-mobile-grid__span-4 column2-mobile-grid__row-2 column3-mobile-grid__span-4 column3-mobile-grid__row-3 wp-block-jetpack-layout-gutter__huge\">\n<div class=\"wp-block-jetpack-layout-grid-column wp-block-jetpack-layout-grid__padding-none\">\n<h3 class=\"wp-block-heading has-arial-font-family has-normal-font-size has-custom-font has-custom-weight\" id=\"in-the-news-aux-informations\" style=\"line-height:1.5;font-family:Arial;font-weight:bold;font-size:22px\"><span class=\"uppercase\"><a href=\"http:\/\/alliancevaw.ca\/fr\/news\/\" data-type=\"URL\" data-id=\"alliancevaw.ca\/news\">IN THE NEWS<\/a><\/span> &nbsp;| <a href=\"http:\/\/alliancevaw.ca\/fr\/news\/\">AUX INFORMATIONS<\/a><\/h3>\n\n\n\n<p class=\"wp-block-paragraph\"><strong><a rel=\"noreferrer noopener\" href=\"https:\/\/www.canadianlawyermag.com\/practice-areas\/family\/canadian-jurisdictions-passing-clares-law-legislation-now-have-rcmp-as-ally\/354781?utm_source=GA&amp;utm_medium=20210409&amp;utm_campaign=CLW-Newsletter-20210409&amp;utm_content=7EEAF466-175C-4FF0-8958-EA1B63205103&amp;tu=7EEAF466-175C-4FF0-8958-EA1B63205103\" target=\"_blank\">Canadian jurisdictions passing Clare\u2019s Law legislation now have RCMP as ally<\/a><\/strong><br>April 8, 2021 | Canadian Lawyer<\/p>\n\n\n\n<p class=\"wp-block-paragraph\"><a href=\"https:\/\/www.ctvnews.ca\/canada\/calls-for-a-unified-family-court-system-and-further-changes-to-canada-s-divorce-act-1.5363445\"><strong>Calls for a unified family court system\u200b and further changes to Canada&#8217;s Divorce Act<\/strong><\/a><br>March 26, 2021| CTV News<\/p>\n<\/div>\n\n\n\n<div class=\"wp-block-jetpack-layout-grid-column wp-block-jetpack-layout-grid__padding-none\">\n<h3 class=\"wp-block-heading has-arial-font-family has-normal-font-size has-custom-font has-custom-weight\" id=\"new-projects-publications-nouveaux-projets-et-publications\" style=\"line-height:1.5;font-family:Arial;font-weight:bold;font-size:22px\"><a href=\"http:\/\/alliancevaw.ca\/fr\/publications\/\" data-type=\"URL\" data-id=\"alliancevaw.ca\/publications\">NEW PROJECTS &amp; PUBLICATIONS<\/a> |<a href=\"http:\/\/alliancevaw.ca\/fr\/publications\/\"> NOUVEAUX PROJETS ET PUBLICATIONS<\/a><\/h3>\n\n\n\n<p class=\"wp-block-paragraph\"><a rel=\"noreferrer noopener\" href=\"http:\/\/kh-cdc.ca\/en\/resources\/reports\/Grey-Report---English.pdf\" data-type=\"URL\" data-id=\"http:\/\/kh-cdc.ca\/en\/resources\/reports\/Grey-Report---English.pdf\" target=\"_blank\"><strong>Toward A Trauma- And Violence-Informed Research Ethics Module: Considerations And Recommendations<\/strong><\/a><\/p>\n\n\n\n<p class=\"wp-block-paragraph\"><a href=\"http:\/\/kh-cdc.ca\/en\/resources\/reports\/Grey-Report---English.pdf\"><strong>Vers un module d&#8217;\u00e9thique de la recherche tenant compte des traumatismes et de la violence : Consid\u00e9rations et recommandations<\/strong><\/a><\/p>\n\n\n\n<p class=\"wp-block-paragraph\"><\/p>\n<\/div>\n\n\n\n<div class=\"wp-block-jetpack-layout-grid-column wp-block-jetpack-layout-grid__padding-none\">\n<p class=\"has-large-font-size wp-block-paragraph\"><a href=\"https:\/\/alliancevaw.ca\/fr\/events\/\" data-type=\"page\" data-id=\"217\"><strong>WEBINARS<\/strong><\/a><\/p>\n\n\n\n<p class=\"wp-block-paragraph\">TBA<\/p>\n\n\n\n<p class=\"wp-block-paragraph\"><\/p>\n<\/div>\n<\/div>\n<\/div><\/div>\n\n\n\n<div class=\"wp-block-group alignfull has-foreground-color has-foreground-background-color has-text-color has-background\"><div class=\"wp-block-group__inner-container is-layout-flow wp-block-group-is-layout-flow\">\n<div class=\"wp-block-jetpack-layout-grid alignfull column1-desktop-grid__span-1 column1-desktop-grid__row-1 column2-desktop-grid__span-10 column2-desktop-grid__start-2 column2-desktop-grid__row-1 column3-desktop-grid__span-1 column3-desktop-grid__start-12 column3-desktop-grid__row-1 column1-tablet-grid__span-4 column1-tablet-grid__row-1 column2-tablet-grid__span-4 column2-tablet-grid__start-5 column2-tablet-grid__row-1 column3-tablet-grid__span-8 column3-tablet-grid__row-2 column1-mobile-grid__span-4 column1-mobile-grid__row-1 column2-mobile-grid__span-4 column2-mobile-grid__row-2 column3-mobile-grid__span-4 column3-mobile-grid__row-3 are-vertically-aligned-center wp-block-jetpack-layout-gutter__huge\">\n<div class=\"wp-block-jetpack-layout-grid-column wp-block-jetpack-layout-grid__padding-none is-vertically-aligned-center\">\n<h3 class=\"wp-block-heading has-arial-font-family has-custom-font has-custom-weight\" style=\"font-size:22px;line-height:1.5;font-family:Arial;font-weight:bold\"><\/h3>\n\n\n\n<p class=\"wp-block-paragraph\"><\/p>\n<\/div>\n\n\n\n<div class=\"wp-block-jetpack-layout-grid-column wp-block-jetpack-layout-grid__padding-none is-vertically-aligned-center\">\n<figure class=\"wp-block-gallery aligncenter has-nested-images columns-5 wp-block-gallery-1 is-layout-flex wp-block-gallery-is-layout-flex\">\n<figure class=\"wp-block-image size-full\"><img data-recalc-dims=\"1\" loading=\"lazy\" decoding=\"async\" width=\"135\" height=\"88\" data-id=\"413\" src=\"https:\/\/i0.wp.com\/alliancevaw.ca\/wp-content\/uploads\/2020\/11\/thumbnail_RAIV-Couleurs-1124-1.jpg?resize=135%2C88&#038;ssl=1\" alt=\"raivRecherches Appliqu\u00e9es et Interdisciplinaires sur les Violences intimes, familiales et structurelles\" class=\"wp-image-413\"\/><\/figure>\n\n\n\n<figure class=\"wp-block-image size-full\"><img data-recalc-dims=\"1\" loading=\"lazy\" decoding=\"async\" width=\"285\" height=\"85\" data-id=\"112\" src=\"https:\/\/i0.wp.com\/alliancevaw.ca\/wp-content\/uploads\/2020\/10\/freda.png?resize=285%2C85&#038;ssl=1\" alt=\"the freda centre for research on violence against women and children\" class=\"wp-image-112\"\/><\/figure>\n\n\n\n<figure class=\"wp-block-image size-full\"><img data-recalc-dims=\"1\" loading=\"lazy\" decoding=\"async\" width=\"750\" height=\"132\" data-id=\"406\" src=\"https:\/\/i0.wp.com\/alliancevaw.ca\/wp-content\/uploads\/2020\/11\/UNB_MMF_EN_4C_K.png?resize=750%2C132&#038;ssl=1\" alt=\"Muriel McQueen Fergusson Centre for Family Violence Research logo\" class=\"wp-image-406\" srcset=\"https:\/\/i0.wp.com\/alliancevaw.ca\/wp-content\/uploads\/2020\/11\/UNB_MMF_EN_4C_K.png?w=1157&amp;ssl=1 1157w, https:\/\/i0.wp.com\/alliancevaw.ca\/wp-content\/uploads\/2020\/11\/UNB_MMF_EN_4C_K.png?resize=300%2C53&amp;ssl=1 300w, https:\/\/i0.wp.com\/alliancevaw.ca\/wp-content\/uploads\/2020\/11\/UNB_MMF_EN_4C_K.png?resize=1024%2C180&amp;ssl=1 1024w, https:\/\/i0.wp.com\/alliancevaw.ca\/wp-content\/uploads\/2020\/11\/UNB_MMF_EN_4C_K.png?resize=768%2C135&amp;ssl=1 768w\" sizes=\"auto, (max-width: 750px) 100vw, 750px\" \/><\/figure>\n\n\n\n<figure class=\"wp-block-image size-full\"><img data-recalc-dims=\"1\" loading=\"lazy\" decoding=\"async\" width=\"284\" height=\"64\" data-id=\"117\" src=\"https:\/\/i0.wp.com\/alliancevaw.ca\/wp-content\/uploads\/2020\/10\/thumbnail_image002.jpg?resize=284%2C64&#038;ssl=1\" alt=\"western crevawc logo\" class=\"wp-image-117\"\/><\/figure>\n\n\n\n<figure class=\"wp-block-image size-full\"><img data-recalc-dims=\"1\" loading=\"lazy\" decoding=\"async\" width=\"350\" height=\"150\" data-id=\"116\" src=\"https:\/\/i0.wp.com\/alliancevaw.ca\/wp-content\/uploads\/2020\/10\/RESOLVE-Logo.jpg?resize=350%2C150&#038;ssl=1\" alt=\"RESOLVE logo\" class=\"wp-image-116\" srcset=\"https:\/\/i0.wp.com\/alliancevaw.ca\/wp-content\/uploads\/2020\/10\/RESOLVE-Logo.jpg?w=350&amp;ssl=1 350w, https:\/\/i0.wp.com\/alliancevaw.ca\/wp-content\/uploads\/2020\/10\/RESOLVE-Logo.jpg?resize=300%2C129&amp;ssl=1 300w\" sizes=\"auto, (max-width: 350px) 100vw, 350px\" \/><\/figure>\n<\/figure>\n<\/div>\n\n\n\n<div class=\"wp-block-jetpack-layout-grid-column wp-block-jetpack-layout-grid__padding-none is-vertically-aligned-center\"><\/div>\n<\/div>\n<\/div><\/div>\n\n\n\n<div class=\"wp-block-group alignfull has-foreground-color has-primary-background-color has-text-color has-background\"><div class=\"wp-block-group__inner-container is-layout-flow wp-block-group-is-layout-flow\">\n<div class=\"wp-block-group alignfull\"><div class=\"wp-block-group__inner-container is-layout-flow wp-block-group-is-layout-flow\">\n<div class=\"wp-block-jetpack-layout-grid alignfull column1-desktop-grid__span-2 column1-desktop-grid__row-1 column2-desktop-grid__span-4 column2-desktop-grid__start-3 column2-desktop-grid__row-1 column3-desktop-grid__span-4 column3-desktop-grid__start-7 column3-desktop-grid__row-1 column4-desktop-grid__span-2 column4-desktop-grid__start-11 column4-desktop-grid__row-1 column1-tablet-grid__span-4 column1-tablet-grid__row-1 column2-tablet-grid__span-4 column2-tablet-grid__start-5 column2-tablet-grid__row-1 column3-tablet-grid__span-4 column3-tablet-grid__row-2 column4-tablet-grid__span-4 column4-tablet-grid__start-5 column4-tablet-grid__row-2 column1-mobile-grid__span-4 column1-mobile-grid__row-1 column2-mobile-grid__span-4 column2-mobile-grid__row-2 column3-mobile-grid__span-4 column3-mobile-grid__row-3 column4-mobile-grid__span-4 column4-mobile-grid__row-4 wp-block-jetpack-layout-gutter__huge\">\n<div class=\"wp-block-jetpack-layout-grid-column wp-block-jetpack-layout-grid__padding-none\">\n<h6 class=\"wp-block-heading has-arial-font-family has-custom-font\" style=\"font-size:16px;line-height:1.5;font-family:Arial\"><\/h6>\n<\/div>\n\n\n\n<div class=\"wp-block-jetpack-layout-grid-column wp-block-jetpack-layout-grid__padding-none has-background has-primary-background-color\">\n<p class=\"has-foreground-color has-text-color wp-block-paragraph\" style=\"font-size:14px\">The Alliance does not provide direct counseling services. | L&#8217;Alliance ne fournit pas de services de conseil directs.<br><br>If you live in Ontario and require shelter and\/or counseling services, please contact the Assaulted Women&#8217;s Helpline | Si vous vivez en Ontario et avez besoin d&#8217;un refuge et\/ou de services de conseil, veuillez contacter la ligne d&#8217;aide pour les femmes victimes d&#8217;agression :<\/p>\n\n\n\n<p class=\"has-foreground-color has-text-color wp-block-paragraph\" style=\"font-size:14px\">For other provinces, please call your local shelter.<strong>If you are in danger please call 911<\/strong>. | Pour les autres provinces, veuillez appeler votre refuge local.<strong>Si vous \u00eates en danger, veuillez appeler le 911.<\/strong><\/p>\n<\/div>\n\n\n\n<div class=\"wp-block-jetpack-layout-grid-column wp-block-jetpack-layout-grid__padding-none\">\n<p class=\"wp-block-paragraph\" style=\"font-size:14px\">Toll Free | NUM\u00c9RO SANS&nbsp;FRAIS: 1-866-863-0511 <br>TTY Toll Free | ATS sans frais: 1-866-863-7868 <br>GTA | RGT : (416) 863-0511 <br>GTA TTY: | RGY ATS: (416) 364-8762 From your Bell, Rogers, Fido, Telus phone: #SAFE (#7233) | Depuis votre t\u00e9l\u00e9phone Bell, Rogers, Fido ou Telus : #SAFE (#7233)<\/p>\n\n\n\n<p class=\"wp-block-paragraph\"><\/p>\n<\/div>\n\n\n\n<div class=\"wp-block-jetpack-layout-grid-column wp-block-jetpack-layout-grid__padding-none\"><\/div>\n<\/div>\n<\/div><\/div>\n<\/div><\/div>\n\n\n\n<p class=\"wp-block-paragraph\"><\/p>","protected":false},"excerpt":{"rendered":"<p>After the Montreal Massacre on December 6, 1989, the Canadian government made a commitment to deal with public policy, education, legislation and applied research on violence against women and children. One of the initiatives was the development of 5 sister centres across Canada (New Brunswick, Quebec, Ontario, Manitoba and British Columbia) that would be centres<a class=\"more-link\" href=\"https:\/\/alliancevaw.ca\/fr\/\">Lire la suite <span class=\"screen-reader-text\">&#8220;Home&#8221;<\/span><\/a><\/p>","protected":false},"author":194775916,"featured_media":0,"parent":0,"menu_order":1,"comment_status":"closed","ping_status":"closed","template":"","meta":{"_coblocks_attr":"ArialArial,","_coblocks_dimensions":"","_coblocks_responsive_height":"","_coblocks_accordion_ie_support":"","_crdt_document":"","jetpack_post_was_ever_published":false,"footnotes":""},"class_list":["post-5","page","type-page","status-publish","hentry","entry"],"jetpack_likes_enabled":false,"jetpack_sharing_enabled":false,"jetpack_shortlink":"https:\/\/wp.me\/PcsCLM-5","amp_enabled":false,"_links":{"self":[{"href":"https:\/\/alliancevaw.ca\/fr\/wp-json\/wp\/v2\/pages\/5","targetHints":{"allow":["GET"]}}],"collection":[{"href":"https:\/\/alliancevaw.ca\/fr\/wp-json\/wp\/v2\/pages"}],"about":[{"href":"https:\/\/alliancevaw.ca\/fr\/wp-json\/wp\/v2\/types\/page"}],"author":[{"embeddable":true,"href":"https:\/\/alliancevaw.ca\/fr\/wp-json\/wp\/v2\/users\/194775916"}],"replies":[{"embeddable":true,"href":"https:\/\/alliancevaw.ca\/fr\/wp-json\/wp\/v2\/comments?post=5"}],"version-history":[{"count":100,"href":"https:\/\/alliancevaw.ca\/fr\/wp-json\/wp\/v2\/pages\/5\/revisions"}],"predecessor-version":[{"id":2013,"href":"https:\/\/alliancevaw.ca\/fr\/wp-json\/wp\/v2\/pages\/5\/revisions\/2013"}],"wp:attachment":[{"href":"https:\/\/alliancevaw.ca\/fr\/wp-json\/wp\/v2\/media?parent=5"}],"curies":[{"name":"wp","href":"https:\/\/api.w.org\/{rel}","templated":true}]}}